{"id":4926,"date":"2024-11-14T10:02:14","date_gmt":"2024-11-14T09:02:14","guid":{"rendered":"https:\/\/www.zenitude-hotel-residences.com\/the-zenitude-experience\/wellness\/"},"modified":"2025-03-12T17:41:33","modified_gmt":"2025-03-12T16:41:33","slug":"wellness","status":"publish","type":"page","link":"https:\/\/www.zenitude-hotel-residences.com\/en\/wellness\/","title":{"rendered":"Wellness"},"content":{"rendered":"\t\t<div data-elementor-type=\"wp-page\" data-elementor-id=\"4926\" class=\"elementor elementor-4926 elementor-3944\" data-elementor-post-type=\"page\">\n\t\t\t\t<div class=\"elementor-element elementor-element-6469e988 e-flex e-con-boxed e-con e-parent\" data-id=\"6469e988\" data-element_type=\"container\" data-e-type=\"container\" data-settings=\"{&quot;background_background&quot;:&quot;slideshow&quot;,&quot;background_slideshow_gallery&quot;:[{&quot;id&quot;:5416,&quot;url&quot;:&quot;https:\\\/\\\/www.zenitude-hotel-residences.com\\\/wp-content\\\/uploads\\\/2025\\\/01\\\/PISCINE.jpg&quot;},{&quot;id&quot;:5418,&quot;url&quot;:&quot;https:\\\/\\\/www.zenitude-hotel-residences.com\\\/wp-content\\\/uploads\\\/2025\\\/01\\\/young-woman-having-face-massage-relaxing-spa-salon.jpg&quot;},{&quot;id&quot;:5420,&quot;url&quot;:&quot;https:\\\/\\\/www.zenitude-hotel-residences.com\\\/wp-content\\\/uploads\\\/2025\\\/01\\\/FR539SPA-7.jpg&quot;}],&quot;background_slideshow_ken_burns&quot;:&quot;yes&quot;,&quot;background_slideshow_loop&quot;:&quot;yes&quot;,&quot;background_slideshow_slide_duration&quot;:5000,&quot;background_slideshow_slide_transition&quot;:&quot;fade&quot;,&quot;background_slideshow_transition_duration&quot;:500,&quot;background_slideshow_ken_burns_zoom_direction&quot;:&quot;in&quot;}\">\n\t\t\t\t\t<div class=\"e-con-inner\">\n\t\t\t\t<div class=\"elementor-element elementor-element-500464a6 elementor-widget elementor-widget-spacer\" data-id=\"500464a6\" data-element_type=\"widget\" data-e-type=\"widget\" data-widget_type=\"spacer.default\">\n\t\t\t\t<div class=\"elementor-widget-container\">\n\t\t\t\t\t\t\t<div class=\"elementor-spacer\">\n\t\t\t<div class=\"elementor-spacer-inner\"><\/div>\n\t\t<\/div>\n\t\t\t\t\t\t<\/div>\n\t\t\t\t<\/div>\n\t\t\t\t\t<\/div>\n\t\t\t\t<\/div>\n\t\t<div class=\"elementor-element elementor-element-12f49d8c e-flex e-con-boxed e-con e-parent\" data-id=\"12f49d8c\" data-element_type=\"container\" data-e-type=\"container\">\n\t\t\t\t\t<div class=\"e-con-inner\">\n\t\t\t\t<div class=\"elementor-element elementor-element-34f65b17 elementor-tablet-align-center elementor-widget elementor-widget-breadcrumbs\" data-id=\"34f65b17\" data-element_type=\"widget\" data-e-type=\"widget\" data-widget_type=\"breadcrumbs.default\">\n\t\t\t\t<div class=\"elementor-widget-container\">\n\t\t\t\t\t<p id=\"breadcrumbs\"><span><span><a href=\"https:\/\/www.zenitude-hotel-residences.com\/en\/\">Home<\/a><\/span><\/span><\/p>\t\t\t\t<\/div>\n\t\t\t\t<\/div>\n\t\t\t\t<div class=\"elementor-element elementor-element-2527cddb elementor-widget elementor-widget-theme-post-title elementor-page-title elementor-widget-heading\" data-id=\"2527cddb\" data-element_type=\"widget\" data-e-type=\"widget\" data-widget_type=\"theme-post-title.default\">\n\t\t\t\t<div class=\"elementor-widget-container\">\n\t\t\t\t\t<h1 class=\"elementor-heading-title elementor-size-default\">Wellness<\/h1>\t\t\t\t<\/div>\n\t\t\t\t<\/div>\n\t\t\t\t<div class=\"elementor-element elementor-element-53fc4a91 elementor-widget elementor-widget-heading\" data-id=\"53fc4a91\" data-element_type=\"widget\" data-e-type=\"widget\" data-widget_type=\"heading.default\">\n\t\t\t\t<div class=\"elementor-widget-container\">\n\t\t\t\t\t<p class=\"elementor-heading-title elementor-size-default\">Find your ideal residence anywhere in France!<\/p>\t\t\t\t<\/div>\n\t\t\t\t<\/div>\n\t\t\t\t\t<\/div>\n\t\t\t\t<\/div>\n\t\t<div class=\"elementor-element elementor-element-1d5f108 e-flex e-con-boxed e-con e-parent\" data-id=\"1d5f108\" data-element_type=\"container\" data-e-type=\"container\">\n\t\t\t\t\t<div class=\"e-con-inner\">\n\t\t<div class=\"elementor-element elementor-element-86bd109 e-con-full e-flex e-con e-child\" data-id=\"86bd109\" data-element_type=\"container\" data-e-type=\"container\">\n\t\t\t\t<div class=\"elementor-element elementor-element-23aaf37 elementor-widget elementor-widget-text-editor\" data-id=\"23aaf37\" data-element_type=\"widget\" data-e-type=\"widget\" data-widget_type=\"text-editor.default\">\n\t\t\t\t<div class=\"elementor-widget-container\">\n\t\t\t\t\t\t\t\t\t<p>Treat yourself to a moment of relaxation with Zenitude! Listen to what your body is telling you and immerse yourself in a weekend of relaxation in one of our wellness centres. Treat yourself to some relaxing time out with Zenitude! In several of our aparthotels, we invite you to make the most of our wellness facilities and enjoy a soothing and revitalising break. Whether you are staying with us for work or pleasure, check out our relaxation facilities \u2013 indoor pool, sauna, hammam, hot tub \u2013 or why not try one of our wellness treatments at our Juvignac spa.<\/p>\n\t\t\t\t\t\t\t\t<\/div>\n\t\t\t\t<\/div>\n\t\t\t\t<\/div>\n\t\t\t\t\t<\/div>\n\t\t\t\t<\/div>\n\t\t<div class=\"elementor-element elementor-element-b6ea147 e-flex e-con-boxed e-con e-parent\" data-id=\"b6ea147\" data-element_type=\"container\" data-e-type=\"container\" data-settings=\"{&quot;background_background&quot;:&quot;classic&quot;}\">\n\t\t\t\t\t<div class=\"e-con-inner\">\n\t\t<div class=\"elementor-element elementor-element-474dbeb e-con-full e-flex e-con e-child\" data-id=\"474dbeb\" data-element_type=\"container\" data-e-type=\"container\" data-settings=\"{&quot;background_background&quot;:&quot;gradient&quot;}\">\n\t\t\t\t<div class=\"elementor-element elementor-element-d318204 elementor-widget elementor-widget-image\" data-id=\"d318204\" data-element_type=\"widget\" data-e-type=\"widget\" data-widget_type=\"image.default\">\n\t\t\t\t<div class=\"elementor-widget-container\">\n\t\t\t\t\t\t\t\t\t\t\t\t\t\t\t<img fetchpriority=\"high\" decoding=\"async\" width=\"1620\" height=\"1080\" src=\"https:\/\/www.zenitude-hotel-residences.com\/wp-content\/uploads\/2025\/01\/Zenitude_zenituderelaisspa\u2013lavaladiere_HD_29.jpg\" class=\"attachment-full size-full wp-image-5428\" alt=\"Piscine int\u00e9rieure avec baigneurs et d\u00e9cor moderne.\" srcset=\"https:\/\/www.zenitude-hotel-residences.com\/wp-content\/uploads\/2025\/01\/Zenitude_zenituderelaisspa\u2013lavaladiere_HD_29.jpg 1620w, https:\/\/www.zenitude-hotel-residences.com\/wp-content\/uploads\/2025\/01\/Zenitude_zenituderelaisspa\u2013lavaladiere_HD_29-300x200.jpg 300w, https:\/\/www.zenitude-hotel-residences.com\/wp-content\/uploads\/2025\/01\/Zenitude_zenituderelaisspa\u2013lavaladiere_HD_29-1024x683.jpg 1024w, https:\/\/www.zenitude-hotel-residences.com\/wp-content\/uploads\/2025\/01\/Zenitude_zenituderelaisspa\u2013lavaladiere_HD_29-768x512.jpg 768w, https:\/\/www.zenitude-hotel-residences.com\/wp-content\/uploads\/2025\/01\/Zenitude_zenituderelaisspa\u2013lavaladiere_HD_29-1536x1024.jpg 1536w\" sizes=\"(max-width: 1620px) 100vw, 1620px\" \/>\t\t\t\t\t\t\t\t\t\t\t\t\t\t\t<\/div>\n\t\t\t\t<\/div>\n\t\t\t\t<\/div>\n\t\t<div class=\"elementor-element elementor-element-0578db2 e-con-full e-flex e-con e-child\" data-id=\"0578db2\" data-element_type=\"container\" data-e-type=\"container\">\n\t\t\t\t<div class=\"elementor-element elementor-element-4ba2233 elementor-widget elementor-widget-heading\" data-id=\"4ba2233\" data-element_type=\"widget\" data-e-type=\"widget\" data-widget_type=\"heading.default\">\n\t\t\t\t<div class=\"elementor-widget-container\">\n\t\t\t\t\t<h2 class=\"elementor-heading-title elementor-size-default\">Zenitude wellness centres: relaxation and comfort<\/h2>\t\t\t\t<\/div>\n\t\t\t\t<\/div>\n\t\t\t\t<div class=\"elementor-element elementor-element-565a7e3 elementor-widget elementor-widget-text-editor\" data-id=\"565a7e3\" data-element_type=\"widget\" data-e-type=\"widget\" data-widget_type=\"text-editor.default\">\n\t\t\t\t<div class=\"elementor-widget-container\">\n\t\t\t\t\t\t\t\t\t<p>Our aparthotels with wellness centres are designed to make each stay rhyme with relaxation. Several of our aparthotels boast well-equipped, modern facilities where you can cast your cares aside and recharge your batteries in peace:<\/p>\n<ul>\n<li><strong>Indoor pool: <\/strong> Enjoy a relaxing swim in our pools for residents. Our heated swimming pools are the perfect place to relax after a busy day. In season, our outdoor swimming pools are ideal for taking a refreshing dip on sunny days.<\/li>\n<li><strong>Sauna and hammam:<\/strong> Eliminate stress and tension in our saunas and hammams, where the enveloping heat soothes body and mind.<\/li>\n<li><strong>La Source de la Valadi\u00e8re Spa in Juvignac (near Montpellier)<\/strong>: Plunge into an oasis of serenity at our spa. Situated in Juvignac, La Source de la Valadi\u00e8re offers facial and body treatments performed by wellness professionals. Indulge in a relaxing massage, a moisturising treatment or a beauty ritual for an interlude of absolute relaxation. A spa that anyone looking for a complete wellness experience in the Montpellier area will want to try.<\/li>\n<\/ul>\n\t\t\t\t\t\t\t\t<\/div>\n\t\t\t\t<\/div>\n\t\t\t\t<\/div>\n\t\t\t\t\t<\/div>\n\t\t\t\t<\/div>\n\t\t<div class=\"elementor-element elementor-element-70552aa e-flex e-con-boxed e-con e-parent\" data-id=\"70552aa\" data-element_type=\"container\" data-e-type=\"container\">\n\t\t\t\t\t<div class=\"e-con-inner\">\n\t\t<div class=\"elementor-element elementor-element-3729506 e-con-full e-flex e-con e-child\" data-id=\"3729506\" data-element_type=\"container\" data-e-type=\"container\">\n\t\t\t\t<div class=\"elementor-element elementor-element-704d926 elementor-widget elementor-widget-heading\" data-id=\"704d926\" data-element_type=\"widget\" data-e-type=\"widget\" data-widget_type=\"heading.default\">\n\t\t\t\t<div class=\"elementor-widget-container\">\n\t\t\t\t\t<h2 class=\"elementor-heading-title elementor-size-default\">Why choose Zenitude for a wellness break?<\/h2>\t\t\t\t<\/div>\n\t\t\t\t<\/div>\n\t\t\t\t<div class=\"elementor-element elementor-element-6e38510 elementor-widget elementor-widget-heading\" data-id=\"6e38510\" data-element_type=\"widget\" data-e-type=\"widget\" data-widget_type=\"heading.default\">\n\t\t\t\t<div class=\"elementor-widget-container\">\n\t\t\t\t\t<h3 class=\"elementor-heading-title elementor-size-default\">Comfort and tranquillity<\/h3>\t\t\t\t<\/div>\n\t\t\t\t<\/div>\n\t\t\t\t<div class=\"elementor-element elementor-element-f19eff6 elementor-widget elementor-widget-text-editor\" data-id=\"f19eff6\" data-element_type=\"widget\" data-e-type=\"widget\" data-widget_type=\"text-editor.default\">\n\t\t\t\t<div class=\"elementor-widget-container\">\n\t\t\t\t\t\t\t\t\t<p>A pleasant setting and modern facilities designed for optimum relaxation.<\/p>\n\t\t\t\t\t\t\t\t<\/div>\n\t\t\t\t<\/div>\n\t\t\t\t<div class=\"elementor-element elementor-element-d33c6be elementor-widget elementor-widget-heading\" data-id=\"d33c6be\" data-element_type=\"widget\" data-e-type=\"widget\" data-widget_type=\"heading.default\">\n\t\t\t\t<div class=\"elementor-widget-container\">\n\t\t\t\t\t<h3 class=\"elementor-heading-title elementor-size-default\">France's most beautiful regions on your doorstep<\/h3>\t\t\t\t<\/div>\n\t\t\t\t<\/div>\n\t\t\t\t<div class=\"elementor-element elementor-element-88e2b6c elementor-widget elementor-widget-text-editor\" data-id=\"88e2b6c\" data-element_type=\"widget\" data-e-type=\"widget\" data-widget_type=\"text-editor.default\">\n\t\t\t\t<div class=\"elementor-widget-container\">\n\t\t\t\t\t\t\t\t\t<p>Our aparthotels with wellness centres are situated near attractive cities and tourist sites, so you can divide your time between exploring the surrounding area and unwinding in style.<\/p>\n\t\t\t\t\t\t\t\t<\/div>\n\t\t\t\t<\/div>\n\t\t\t\t<div class=\"elementor-element elementor-element-9b5093a elementor-widget elementor-widget-heading\" data-id=\"9b5093a\" data-element_type=\"widget\" data-e-type=\"widget\" data-widget_type=\"heading.default\">\n\t\t\t\t<div class=\"elementor-widget-container\">\n\t\t\t\t\t<h3 class=\"elementor-heading-title elementor-size-default\">Personalised treatment options (Juvignac only)<\/h3>\t\t\t\t<\/div>\n\t\t\t\t<\/div>\n\t\t\t\t<div class=\"elementor-element elementor-element-a86e4de elementor-widget elementor-widget-text-editor\" data-id=\"a86e4de\" data-element_type=\"widget\" data-e-type=\"widget\" data-widget_type=\"text-editor.default\">\n\t\t\t\t<div class=\"elementor-widget-container\">\n\t\t\t\t\t\t\t\t\t<p>Discover our \u00e0 la carte spa services &#8211; you&#8217;re sure to find what you need or something new that appeals.<\/p>\n\t\t\t\t\t\t\t\t<\/div>\n\t\t\t\t<\/div>\n\t\t\t\t<\/div>\n\t\t<div class=\"elementor-element elementor-element-bbbc527 e-con-full e-flex e-con e-child\" data-id=\"bbbc527\" data-element_type=\"container\" data-e-type=\"container\" data-settings=\"{&quot;background_background&quot;:&quot;gradient&quot;}\">\n\t\t\t\t<div class=\"elementor-element elementor-element-1ba62aa elementor-widget elementor-widget-image\" data-id=\"1ba62aa\" data-element_type=\"widget\" data-e-type=\"widget\" data-widget_type=\"image.default\">\n\t\t\t\t<div class=\"elementor-widget-container\">\n\t\t\t\t\t\t\t\t\t\t\t\t\t\t\t<img decoding=\"async\" width=\"1620\" height=\"1080\" src=\"https:\/\/www.zenitude-hotel-residences.com\/wp-content\/uploads\/2025\/01\/74907_0094_f_1564422802.jpg\" class=\"attachment-full size-full wp-image-5430\" alt=\"Piscine ext\u00e9rieure avec transats et v\u00e9g\u00e9tation, vue diff\u00e9rente.\" srcset=\"https:\/\/www.zenitude-hotel-residences.com\/wp-content\/uploads\/2025\/01\/74907_0094_f_1564422802.jpg 1620w, https:\/\/www.zenitude-hotel-residences.com\/wp-content\/uploads\/2025\/01\/74907_0094_f_1564422802-300x200.jpg 300w, https:\/\/www.zenitude-hotel-residences.com\/wp-content\/uploads\/2025\/01\/74907_0094_f_1564422802-1024x683.jpg 1024w, https:\/\/www.zenitude-hotel-residences.com\/wp-content\/uploads\/2025\/01\/74907_0094_f_1564422802-768x512.jpg 768w, https:\/\/www.zenitude-hotel-residences.com\/wp-content\/uploads\/2025\/01\/74907_0094_f_1564422802-1536x1024.jpg 1536w\" sizes=\"(max-width: 1620px) 100vw, 1620px\" \/>\t\t\t\t\t\t\t\t\t\t\t\t\t\t\t<\/div>\n\t\t\t\t<\/div>\n\t\t\t\t<\/div>\n\t\t\t\t\t<\/div>\n\t\t\t\t<\/div>\n\t\t\t\t<\/div>\n\t\t","protected":false},"excerpt":{"rendered":"<p>Find your ideal residence anywhere in France! Treat yourself to a moment of relaxation with Zenitude! Listen to what your body is telling you and immerse yourself in a weekend of relaxation in one of our wellness centres. Treat yourself to some relaxing time out with Zenitude! In several of our aparthotels, we invite you [&hellip;]<\/p>\n","protected":false},"author":1,"featured_media":0,"parent":0,"menu_order":4,"comment_status":"closed","ping_status":"closed","template":"","meta":{"_acf_changed":false,"footnotes":""},"class_list":["post-4926","page","type-page","status-publish","hentry"],"acf":[],"yoast_head":"<!-- This site is optimized with the Yoast SEO plugin v27.0 - https:\/\/yoast.com\/product\/yoast-seo-wordpress\/ -->\n<title>Treat yourself to a relaxing break with our wellness spaces | Zenitude H\u00f4tel R\u00e9sidences<\/title>\n<meta name=\"description\" content=\"Relax at Zenitude Hotel-Residences: pools, spas, saunas, and hammams for an unforgettable wellness stay.\" \/>\n<meta name=\"robots\" content=\"index, follow, max-snippet:-1, max-image-preview:large, max-video-preview:-1\" \/>\n<link rel=\"canonical\" href=\"https:\/\/www.zenitude-hotel-residences.com\/en\/wellness\/\" \/>\n<meta property=\"og:locale\" content=\"en_US\" \/>\n<meta property=\"og:type\" content=\"article\" \/>\n<meta property=\"og:title\" content=\"Treat yourself to a relaxing break with our wellness spaces | Zenitude H\u00f4tel R\u00e9sidences\" \/>\n<meta property=\"og:description\" content=\"Relax at Zenitude Hotel-Residences: pools, spas, saunas, and hammams for an unforgettable wellness stay.\" \/>\n<meta property=\"og:url\" content=\"https:\/\/www.zenitude-hotel-residences.com\/en\/wellness\/\" \/>\n<meta property=\"og:site_name\" content=\"Zenitude H\u00f4tel R\u00e9sidences\" \/>\n<meta property=\"article:modified_time\" content=\"2025-03-12T16:41:33+00:00\" \/>\n<meta property=\"og:image\" content=\"https:\/\/www.zenitude-hotel-residences.com\/wp-content\/uploads\/2025\/01\/74907_0094_f_1564422802.jpg\" \/>\n<meta name=\"twitter:card\" content=\"summary_large_image\" \/>\n<meta name=\"twitter:label1\" content=\"Est. reading time\" \/>\n\t<meta name=\"twitter:data1\" content=\"2 minutes\" \/>\n<script type=\"application\/ld+json\" class=\"yoast-schema-graph\">{\"@context\":\"https:\/\/schema.org\",\"@graph\":[{\"@type\":\"WebPage\",\"@id\":\"https:\/\/www.zenitude-hotel-residences.com\/en\/wellness\/\",\"url\":\"https:\/\/www.zenitude-hotel-residences.com\/en\/wellness\/\",\"name\":\"Treat yourself to a relaxing break with our wellness spaces | Zenitude H\u00f4tel R\u00e9sidences\",\"isPartOf\":{\"@id\":\"https:\/\/www.zenitude-hotel-residences.com\/en\/#website\"},\"primaryImageOfPage\":{\"@id\":\"https:\/\/www.zenitude-hotel-residences.com\/en\/wellness\/#primaryimage\"},\"image\":{\"@id\":\"https:\/\/www.zenitude-hotel-residences.com\/en\/wellness\/#primaryimage\"},\"thumbnailUrl\":\"https:\/\/www.zenitude-hotel-residences.com\/wp-content\/uploads\/2025\/01\/74907_0094_f_1564422802.jpg\",\"datePublished\":\"2024-11-14T09:02:14+00:00\",\"dateModified\":\"2025-03-12T16:41:33+00:00\",\"description\":\"Relax at Zenitude Hotel-Residences: pools, spas, saunas, and hammams for an unforgettable wellness stay.\",\"breadcrumb\":{\"@id\":\"https:\/\/www.zenitude-hotel-residences.com\/en\/wellness\/#breadcrumb\"},\"inLanguage\":\"en-US\",\"potentialAction\":[{\"@type\":\"ReadAction\",\"target\":[\"https:\/\/www.zenitude-hotel-residences.com\/en\/wellness\/\"]}]},{\"@type\":\"ImageObject\",\"inLanguage\":\"en-US\",\"@id\":\"https:\/\/www.zenitude-hotel-residences.com\/en\/wellness\/#primaryimage\",\"url\":\"https:\/\/www.zenitude-hotel-residences.com\/wp-content\/uploads\/2025\/01\/74907_0094_f_1564422802.jpg\",\"contentUrl\":\"https:\/\/www.zenitude-hotel-residences.com\/wp-content\/uploads\/2025\/01\/74907_0094_f_1564422802.jpg\"},{\"@type\":\"BreadcrumbList\",\"@id\":\"https:\/\/www.zenitude-hotel-residences.com\/en\/wellness\/#breadcrumb\",\"itemListElement\":[{\"@type\":\"ListItem\",\"position\":1,\"name\":\"Home\",\"item\":\"https:\/\/www.zenitude-hotel-residences.com\/en\/\"},{\"@type\":\"ListItem\",\"position\":2,\"name\":\"Wellness\"}]},{\"@type\":\"WebSite\",\"@id\":\"https:\/\/www.zenitude-hotel-residences.com\/en\/#website\",\"url\":\"https:\/\/www.zenitude-hotel-residences.com\/en\/\",\"name\":\"Zenitude H\u00f4tel - R\u00e9sidences\",\"description\":\"\",\"publisher\":{\"@id\":\"https:\/\/www.zenitude-hotel-residences.com\/en\/#organization\"},\"potentialAction\":[{\"@type\":\"SearchAction\",\"target\":{\"@type\":\"EntryPoint\",\"urlTemplate\":\"https:\/\/www.zenitude-hotel-residences.com\/en\/?s={search_term_string}\"},\"query-input\":{\"@type\":\"PropertyValueSpecification\",\"valueRequired\":true,\"valueName\":\"search_term_string\"}}],\"inLanguage\":\"en-US\"},{\"@type\":\"Organization\",\"@id\":\"https:\/\/www.zenitude-hotel-residences.com\/en\/#organization\",\"name\":\"Zenitude H\u00f4tel - R\u00e9sidences\",\"url\":\"https:\/\/www.zenitude-hotel-residences.com\/en\/\",\"logo\":{\"@type\":\"ImageObject\",\"inLanguage\":\"en-US\",\"@id\":\"https:\/\/www.zenitude-hotel-residences.com\/en\/#\/schema\/logo\/image\/\",\"url\":\"https:\/\/www.zenitude-hotel-residences.com\/wp-content\/uploads\/2022\/11\/logo-1.svg\",\"contentUrl\":\"https:\/\/www.zenitude-hotel-residences.com\/wp-content\/uploads\/2022\/11\/logo-1.svg\",\"width\":197,\"height\":171,\"caption\":\"Zenitude H\u00f4tel - R\u00e9sidences\"},\"image\":{\"@id\":\"https:\/\/www.zenitude-hotel-residences.com\/en\/#\/schema\/logo\/image\/\"}}]}<\/script>\n<!-- \/ Yoast SEO plugin. -->","yoast_head_json":{"title":"Treat yourself to a relaxing break with our wellness spaces | Zenitude H\u00f4tel R\u00e9sidences","description":"Relax at Zenitude Hotel-Residences: pools, spas, saunas, and hammams for an unforgettable wellness stay.","robots":{"index":"index","follow":"follow","max-snippet":"max-snippet:-1","max-image-preview":"max-image-preview:large","max-video-preview":"max-video-preview:-1"},"canonical":"https:\/\/www.zenitude-hotel-residences.com\/en\/wellness\/","og_locale":"en_US","og_type":"article","og_title":"Treat yourself to a relaxing break with our wellness spaces | Zenitude H\u00f4tel R\u00e9sidences","og_description":"Relax at Zenitude Hotel-Residences: pools, spas, saunas, and hammams for an unforgettable wellness stay.","og_url":"https:\/\/www.zenitude-hotel-residences.com\/en\/wellness\/","og_site_name":"Zenitude H\u00f4tel R\u00e9sidences","article_modified_time":"2025-03-12T16:41:33+00:00","og_image":[{"url":"https:\/\/www.zenitude-hotel-residences.com\/wp-content\/uploads\/2025\/01\/74907_0094_f_1564422802.jpg","type":"","width":"","height":""}],"twitter_card":"summary_large_image","twitter_misc":{"Est. reading time":"2 minutes"},"schema":{"@context":"https:\/\/schema.org","@graph":[{"@type":"WebPage","@id":"https:\/\/www.zenitude-hotel-residences.com\/en\/wellness\/","url":"https:\/\/www.zenitude-hotel-residences.com\/en\/wellness\/","name":"Treat yourself to a relaxing break with our wellness spaces | Zenitude H\u00f4tel R\u00e9sidences","isPartOf":{"@id":"https:\/\/www.zenitude-hotel-residences.com\/en\/#website"},"primaryImageOfPage":{"@id":"https:\/\/www.zenitude-hotel-residences.com\/en\/wellness\/#primaryimage"},"image":{"@id":"https:\/\/www.zenitude-hotel-residences.com\/en\/wellness\/#primaryimage"},"thumbnailUrl":"https:\/\/www.zenitude-hotel-residences.com\/wp-content\/uploads\/2025\/01\/74907_0094_f_1564422802.jpg","datePublished":"2024-11-14T09:02:14+00:00","dateModified":"2025-03-12T16:41:33+00:00","description":"Relax at Zenitude Hotel-Residences: pools, spas, saunas, and hammams for an unforgettable wellness stay.","breadcrumb":{"@id":"https:\/\/www.zenitude-hotel-residences.com\/en\/wellness\/#breadcrumb"},"inLanguage":"en-US","potentialAction":[{"@type":"ReadAction","target":["https:\/\/www.zenitude-hotel-residences.com\/en\/wellness\/"]}]},{"@type":"ImageObject","inLanguage":"en-US","@id":"https:\/\/www.zenitude-hotel-residences.com\/en\/wellness\/#primaryimage","url":"https:\/\/www.zenitude-hotel-residences.com\/wp-content\/uploads\/2025\/01\/74907_0094_f_1564422802.jpg","contentUrl":"https:\/\/www.zenitude-hotel-residences.com\/wp-content\/uploads\/2025\/01\/74907_0094_f_1564422802.jpg"},{"@type":"BreadcrumbList","@id":"https:\/\/www.zenitude-hotel-residences.com\/en\/wellness\/#breadcrumb","itemListElement":[{"@type":"ListItem","position":1,"name":"Home","item":"https:\/\/www.zenitude-hotel-residences.com\/en\/"},{"@type":"ListItem","position":2,"name":"Wellness"}]},{"@type":"WebSite","@id":"https:\/\/www.zenitude-hotel-residences.com\/en\/#website","url":"https:\/\/www.zenitude-hotel-residences.com\/en\/","name":"Zenitude H\u00f4tel - R\u00e9sidences","description":"","publisher":{"@id":"https:\/\/www.zenitude-hotel-residences.com\/en\/#organization"},"potentialAction":[{"@type":"SearchAction","target":{"@type":"EntryPoint","urlTemplate":"https:\/\/www.zenitude-hotel-residences.com\/en\/?s={search_term_string}"},"query-input":{"@type":"PropertyValueSpecification","valueRequired":true,"valueName":"search_term_string"}}],"inLanguage":"en-US"},{"@type":"Organization","@id":"https:\/\/www.zenitude-hotel-residences.com\/en\/#organization","name":"Zenitude H\u00f4tel - R\u00e9sidences","url":"https:\/\/www.zenitude-hotel-residences.com\/en\/","logo":{"@type":"ImageObject","inLanguage":"en-US","@id":"https:\/\/www.zenitude-hotel-residences.com\/en\/#\/schema\/logo\/image\/","url":"https:\/\/www.zenitude-hotel-residences.com\/wp-content\/uploads\/2022\/11\/logo-1.svg","contentUrl":"https:\/\/www.zenitude-hotel-residences.com\/wp-content\/uploads\/2022\/11\/logo-1.svg","width":197,"height":171,"caption":"Zenitude H\u00f4tel - R\u00e9sidences"},"image":{"@id":"https:\/\/www.zenitude-hotel-residences.com\/en\/#\/schema\/logo\/image\/"}}]}},"_links":{"self":[{"href":"https:\/\/www.zenitude-hotel-residences.com\/en\/wp-json\/wp\/v2\/pages\/4926","targetHints":{"allow":["GET"]}}],"collection":[{"href":"https:\/\/www.zenitude-hotel-residences.com\/en\/wp-json\/wp\/v2\/pages"}],"about":[{"href":"https:\/\/www.zenitude-hotel-residences.com\/en\/wp-json\/wp\/v2\/types\/page"}],"author":[{"embeddable":true,"href":"https:\/\/www.zenitude-hotel-residences.com\/en\/wp-json\/wp\/v2\/users\/1"}],"replies":[{"embeddable":true,"href":"https:\/\/www.zenitude-hotel-residences.com\/en\/wp-json\/wp\/v2\/comments?post=4926"}],"version-history":[{"count":0,"href":"https:\/\/www.zenitude-hotel-residences.com\/en\/wp-json\/wp\/v2\/pages\/4926\/revisions"}],"wp:attachment":[{"href":"https:\/\/www.zenitude-hotel-residences.com\/en\/wp-json\/wp\/v2\/media?parent=4926"}],"curies":[{"name":"wp","href":"https:\/\/api.w.org\/{rel}","templated":true}]}}